{"id":479,"date":"2024-02-19T20:33:22","date_gmt":"2024-02-19T20:33:22","guid":{"rendered":"https:\/\/www.edseyapi.com.tr\/?page_id=479"},"modified":"2024-03-09T17:32:13","modified_gmt":"2024-03-09T17:32:13","slug":"hakkimizda","status":"publish","type":"page","link":"https:\/\/www.edseyapi.com.tr\/?page_id=479","title":{"rendered":"Biz Kimiz ?"},"content":{"rendered":"\t\t<div data-elementor-type=\"wp-page\" data-elementor-id=\"479\" class=\"elementor elementor-479\">\n\t\t\t\t\t\t<section class=\"elementor-section elementor-top-section elementor-element elementor-element-47d08e18 elementor-section-boxed elementor-section-height-default elementor-section-height-default\" data-id=\"47d08e18\" data-element_type=\"section\" data-e-type=\"section\">\n\t\t\t\t\t\t<div class=\"elementor-container elementor-column-gap-default\">\n\t\t\t\t\t<div class=\"elementor-column elementor-col-100 elementor-top-column elementor-element elementor-element-3a35980a\" data-id=\"3a35980a\" data-element_type=\"column\" data-e-type=\"column\">\n\t\t\t<div class=\"elementor-widget-wrap elementor-element-populated\">\n\t\t\t\t\t\t<div class=\"elementor-element elementor-element-cad544f elementor-widget elementor-widget-image\" data-id=\"cad544f\" data-element_type=\"widget\" data-e-type=\"widget\" data-widget_type=\"image.default\">\n\t\t\t\t<div class=\"elementor-widget-container\">\n\t\t\t\t\t\t\t\t\t\t\t\t\t\t\t<img fetchpriority=\"high\" decoding=\"async\" width=\"1024\" height=\"683\" src=\"https:\/\/www.edseyapi.com.tr\/wp-content\/uploads\/2024\/02\/business-partners-handshake-international-business-concept-1024x683.jpg\" class=\"attachment-large size-large wp-image-488\" alt=\"\" srcset=\"https:\/\/www.edseyapi.com.tr\/wp-content\/uploads\/2024\/02\/business-partners-handshake-international-business-concept-1024x683.jpg 1024w, https:\/\/www.edseyapi.com.tr\/wp-content\/uploads\/2024\/02\/business-partners-handshake-international-business-concept-300x200.jpg 300w, https:\/\/www.edseyapi.com.tr\/wp-content\/uploads\/2024\/02\/business-partners-handshake-international-business-concept-768x512.jpg 768w, https:\/\/www.edseyapi.com.tr\/wp-content\/uploads\/2024\/02\/business-partners-handshake-international-business-concept-1536x1024.jpg 1536w, https:\/\/www.edseyapi.com.tr\/wp-content\/uploads\/2024\/02\/business-partners-handshake-international-business-concept-2048x1366.jpg 2048w, https:\/\/www.edseyapi.com.tr\/wp-content\/uploads\/2024\/02\/business-partners-handshake-international-business-concept-1000x667.jpg 1000w, https:\/\/www.edseyapi.com.tr\/wp-content\/uploads\/2024\/02\/business-partners-handshake-international-business-concept-230x153.jpg 230w, https:\/\/www.edseyapi.com.tr\/wp-content\/uploads\/2024\/02\/business-partners-handshake-international-business-concept-350x233.jpg 350w, https:\/\/www.edseyapi.com.tr\/wp-content\/uploads\/2024\/02\/business-partners-handshake-international-business-concept-480x320.jpg 480w\" sizes=\"(max-width: 1024px) 100vw, 1024px\" \/>\t\t\t\t\t\t\t\t\t\t\t\t\t\t\t<\/div>\n\t\t\t\t<\/div>\n\t\t\t\t<section class=\"elementor-section elementor-inner-section elementor-element elementor-element-6ca711eb elementor-section-content-middle elementor-section-boxed elementor-section-height-default elementor-section-height-default\" data-id=\"6ca711eb\" data-element_type=\"section\" data-e-type=\"section\">\n\t\t\t\t\t\t<div class=\"elementor-container elementor-column-gap-default\">\n\t\t\t\t\t<div class=\"elementor-column elementor-col-100 elementor-inner-column elementor-element elementor-element-250866a8\" data-id=\"250866a8\" data-element_type=\"column\" data-e-type=\"column\">\n\t\t\t<div class=\"elementor-widget-wrap elementor-element-populated\">\n\t\t\t\t\t\t<div class=\"elementor-element elementor-element-6306465b elementor-position-inline-start elementor-view-default elementor-mobile-position-block-start elementor-widget elementor-widget-icon-box\" data-id=\"6306465b\" data-element_type=\"widget\" data-e-type=\"widget\" data-widget_type=\"icon-box.default\">\n\t\t\t\t<div class=\"elementor-widget-container\">\n\t\t\t\t\t\t\t<div class=\"elementor-icon-box-wrapper\">\n\n\t\t\t\t\t\t<div class=\"elementor-icon-box-icon\">\n\t\t\t\t<span  class=\"elementor-icon\">\n\t\t\t\t<svg aria-hidden=\"true\" class=\"e-font-icon-svg e-fas-book-open\" viewBox=\"0 0 576 512\" xmlns=\"http:\/\/www.w3.org\/2000\/svg\"><path d=\"M542.22 32.05c-54.8 3.11-163.72 14.43-230.96 55.59-4.64 2.84-7.27 7.89-7.27 13.17v363.87c0 11.55 12.63 18.85 23.28 13.49 69.18-34.82 169.23-44.32 218.7-46.92 16.89-.89 30.02-14.43 30.02-30.66V62.75c.01-17.71-15.35-31.74-33.77-30.7zM264.73 87.64C197.5 46.48 88.58 35.17 33.78 32.05 15.36 31.01 0 45.04 0 62.75V400.6c0 16.24 13.13 29.78 30.02 30.66 49.49 2.6 149.59 12.11 218.77 46.95 10.62 5.35 23.21-1.94 23.21-13.46V100.63c0-5.29-2.62-10.14-7.27-12.99z\"><\/path><\/svg>\t\t\t\t<\/span>\n\t\t\t<\/div>\n\t\t\t\n\t\t\t\t\t\t<div class=\"elementor-icon-box-content\">\n\n\t\t\t\t\t\t\t\t\t<h3 class=\"elementor-icon-box-title\">\n\t\t\t\t\t\t<span  >\n\t\t\t\t\t\t\tBiz Kimiz ?\t\t\t\t\t\t<\/span>\n\t\t\t\t\t<\/h3>\n\t\t\t\t\n\t\t\t\t\n\t\t\t<\/div>\n\t\t\t\n\t\t<\/div>\n\t\t\t\t\t\t<\/div>\n\t\t\t\t<\/div>\n\t\t\t\t<div class=\"elementor-element elementor-element-43b360f5 elementor-widget elementor-widget-text-editor\" data-id=\"43b360f5\" data-element_type=\"widget\" data-e-type=\"widget\" data-widget_type=\"text-editor.default\">\n\t\t\t\t<div class=\"elementor-widget-container\">\n\t\t\t\t\t\t\t\t\t<div class=\"page\" title=\"Page 2\"><div class=\"section\"><div class=\"layoutArea\"><div class=\"column\"><p>Edse yap\u0131 endu\u0308stri alan\u0131nda 2000 y\u0131l\u0131nda faaliyete bas\u0327lay\u0131p, bugu\u0308ne kadar kendini su\u0308rekli yenileyen ve gelis\u0327tiren bir firma profili kazanarak 2011 y\u0131l\u0131nda kurumsal kimlig\u0306ini kazanm\u0131s\u0327t\u0131r.<\/p><p>Edse yap\u0131 olarak bas\u0327lad\u0131g\u0306\u0131m\u0131z gu\u0308ndeki heyecan ve azimle bu\u0308yu\u0308meye, bu\u0308yu\u0308du\u0308kc\u0327e de kendimizi gelis\u0327tirmeye o\u0308nem<br \/>vermekteyiz.<\/p><p>Yapt\u0131g\u0306\u0131m\u0131z her projenin, yap\u0131lacak bir sonraki is\u0327in referans\u0131 olacag\u0306\u0131n\u0131n bilinci ve<br \/>sorumlulug\u0306uyla hareket etmekteyiz. Bunun sonucu olarak geriye do\u0308nu\u0308p bakt\u0131g\u0306\u0131m\u0131zda gu\u0308zel projeler yapman\u0131n hakl\u0131 gururunu, bizimle c\u0327al\u0131s\u0327an ve gu\u0308venen firmalar da gu\u0308zel hizmet alman\u0131n mutlulug\u0306unu yas\u0327am\u0131s\u0327t\u0131r.<\/p><p>Firmam\u0131z yapt\u0131g\u0306\u0131 is\u0327c\u0327ilig\u0306e verdig\u0306i o\u0308nem<br \/>kadar yap\u0131lacak is\u0327te kullan\u0131lan malzeme ve u\u0308ru\u0308n sec\u0327iminde de ayn\u0131 hassasiyeti go\u0308stererek,ne kadar c\u0327ok kazan\u0131r\u0131mdan ziyade daha iyi nas\u0131l yapar\u0131z du\u0308s\u0327u\u0308ncesiyle kalitesini kabul ettirmis\u0327 markalar\u0131 kullanmaktad\u0131r.<\/p><\/div><\/div><\/div><\/div>\t\t\t\t\t\t\t\t<\/div>\n\t\t\t\t<\/div>\n\t\t\t\t\t<\/div>\n\t\t<\/div>\n\t\t\t\t\t<\/div>\n\t\t<\/section>\n\t\t\t\t<section class=\"elementor-section elementor-inner-section elementor-element elementor-element-3f6e928 elementor-section-content-middle elementor-section-boxed elementor-section-height-default elementor-section-height-default\" data-id=\"3f6e928\" data-element_type=\"section\" data-e-type=\"section\">\n\t\t\t\t\t\t<div class=\"elementor-container elementor-column-gap-default\">\n\t\t\t\t\t<div class=\"elementor-column elementor-col-50 elementor-inner-column elementor-element elementor-element-3bcfe11b\" data-id=\"3bcfe11b\" data-element_type=\"column\" data-e-type=\"column\">\n\t\t\t<div class=\"elementor-widget-wrap elementor-element-populated\">\n\t\t\t\t\t\t<div class=\"elementor-element elementor-element-7add0c77 elementor-position-inline-start elementor-view-default elementor-mobile-position-block-start elementor-widget elementor-widget-icon-box\" data-id=\"7add0c77\" data-element_type=\"widget\" data-e-type=\"widget\" data-widget_type=\"icon-box.default\">\n\t\t\t\t<div class=\"elementor-widget-container\">\n\t\t\t\t\t\t\t<div class=\"elementor-icon-box-wrapper\">\n\n\t\t\t\t\t\t<div class=\"elementor-icon-box-icon\">\n\t\t\t\t<span  class=\"elementor-icon\">\n\t\t\t\t<svg aria-hidden=\"true\" class=\"e-font-icon-svg e-fas-book-open\" viewBox=\"0 0 576 512\" xmlns=\"http:\/\/www.w3.org\/2000\/svg\"><path d=\"M542.22 32.05c-54.8 3.11-163.72 14.43-230.96 55.59-4.64 2.84-7.27 7.89-7.27 13.17v363.87c0 11.55 12.63 18.85 23.28 13.49 69.18-34.82 169.23-44.32 218.7-46.92 16.89-.89 30.02-14.43 30.02-30.66V62.75c.01-17.71-15.35-31.74-33.77-30.7zM264.73 87.64C197.5 46.48 88.58 35.17 33.78 32.05 15.36 31.01 0 45.04 0 62.75V400.6c0 16.24 13.13 29.78 30.02 30.66 49.49 2.6 149.59 12.11 218.77 46.95 10.62 5.35 23.21-1.94 23.21-13.46V100.63c0-5.29-2.62-10.14-7.27-12.99z\"><\/path><\/svg>\t\t\t\t<\/span>\n\t\t\t<\/div>\n\t\t\t\n\t\t\t\t\t\t<div class=\"elementor-icon-box-content\">\n\n\t\t\t\t\t\t\t\t\t<h3 class=\"elementor-icon-box-title\">\n\t\t\t\t\t\t<span  >\n\t\t\t\t\t\t\tM\u0130SYONUMUZ\t\t\t\t\t\t<\/span>\n\t\t\t\t\t<\/h3>\n\t\t\t\t\n\t\t\t\t\n\t\t\t<\/div>\n\t\t\t\n\t\t<\/div>\n\t\t\t\t\t\t<\/div>\n\t\t\t\t<\/div>\n\t\t\t\t<div class=\"elementor-element elementor-element-52b2c7cf elementor-widget elementor-widget-text-editor\" data-id=\"52b2c7cf\" data-element_type=\"widget\" data-e-type=\"widget\" data-widget_type=\"text-editor.default\">\n\t\t\t\t<div class=\"elementor-widget-container\">\n\t\t\t\t\t\t\t\t\t<div class=\"page\" title=\"Page 2\"><div class=\"section\"><div class=\"layoutArea\"><div class=\"column\"><p>Faaliyet go\u0308sterdig\u0306imiz sekto\u0308rlerde, ulusal ve uluslararas\u0131 kalite standartlar\u0131nda u\u0308ru\u0308n ve hizmetleri ile mu\u0308s\u0327teri odakl\u0131l\u0131g\u0306\u0131n\u0131 daima u\u0308st seviyede tutarak; sayg\u0131n,gu\u0308venilir ve tercih edilen marka olma o\u0308zellig\u0306ini art\u0131rarak su\u0308rdu\u0308rmek.<\/p><\/div><\/div><\/div><\/div>\t\t\t\t\t\t\t\t<\/div>\n\t\t\t\t<\/div>\n\t\t\t\t\t<\/div>\n\t\t<\/div>\n\t\t\t\t<div class=\"elementor-column elementor-col-50 elementor-inner-column elementor-element elementor-element-9865816\" data-id=\"9865816\" data-element_type=\"column\" data-e-type=\"column\">\n\t\t\t<div class=\"elementor-widget-wrap elementor-element-populated\">\n\t\t\t\t\t\t<div class=\"elementor-element elementor-element-a21f910 elementor-widget elementor-widget-image\" data-id=\"a21f910\" data-element_type=\"widget\" data-e-type=\"widget\" data-widget_type=\"image.default\">\n\t\t\t\t<div class=\"elementor-widget-container\">\n\t\t\t\t\t\t\t\t\t\t\t\t\t\t\t<img decoding=\"async\" width=\"1024\" height=\"683\" src=\"https:\/\/www.edseyapi.com.tr\/wp-content\/uploads\/2024\/02\/business-concept-with-team-close-up-1024x683.jpg\" class=\"attachment-large size-large wp-image-498\" alt=\"\" srcset=\"https:\/\/www.edseyapi.com.tr\/wp-content\/uploads\/2024\/02\/business-concept-with-team-close-up-1024x683.jpg 1024w, https:\/\/www.edseyapi.com.tr\/wp-content\/uploads\/2024\/02\/business-concept-with-team-close-up-300x200.jpg 300w, https:\/\/www.edseyapi.com.tr\/wp-content\/uploads\/2024\/02\/business-concept-with-team-close-up-768x512.jpg 768w, https:\/\/www.edseyapi.com.tr\/wp-content\/uploads\/2024\/02\/business-concept-with-team-close-up-1536x1024.jpg 1536w, https:\/\/www.edseyapi.com.tr\/wp-content\/uploads\/2024\/02\/business-concept-with-team-close-up-2048x1365.jpg 2048w, https:\/\/www.edseyapi.com.tr\/wp-content\/uploads\/2024\/02\/business-concept-with-team-close-up-1000x667.jpg 1000w, https:\/\/www.edseyapi.com.tr\/wp-content\/uploads\/2024\/02\/business-concept-with-team-close-up-230x153.jpg 230w, https:\/\/www.edseyapi.com.tr\/wp-content\/uploads\/2024\/02\/business-concept-with-team-close-up-350x233.jpg 350w, https:\/\/www.edseyapi.com.tr\/wp-content\/uploads\/2024\/02\/business-concept-with-team-close-up-480x320.jpg 480w\" sizes=\"(max-width: 1024px) 100vw, 1024px\" \/>\t\t\t\t\t\t\t\t\t\t\t\t\t\t\t<\/div>\n\t\t\t\t<\/div>\n\t\t\t\t\t<\/div>\n\t\t<\/div>\n\t\t\t\t\t<\/div>\n\t\t<\/section>\n\t\t\t\t<section class=\"elementor-section elementor-inner-section elementor-element elementor-element-e896eb7 elementor-section-content-middle elementor-section-boxed elementor-section-height-default elementor-section-height-default\" data-id=\"e896eb7\" data-element_type=\"section\" data-e-type=\"section\">\n\t\t\t\t\t\t<div class=\"elementor-container elementor-column-gap-default\">\n\t\t\t\t\t<div class=\"elementor-column elementor-col-50 elementor-inner-column elementor-element elementor-element-0f3975e\" data-id=\"0f3975e\" data-element_type=\"column\" data-e-type=\"column\">\n\t\t\t<div class=\"elementor-widget-wrap elementor-element-populated\">\n\t\t\t\t\t\t<div class=\"elementor-element elementor-element-19a89d9 elementor-widget elementor-widget-image\" data-id=\"19a89d9\" data-element_type=\"widget\" data-e-type=\"widget\" data-widget_type=\"image.default\">\n\t\t\t\t<div class=\"elementor-widget-container\">\n\t\t\t\t\t\t\t\t\t\t\t\t\t\t\t<img decoding=\"async\" width=\"1024\" height=\"1024\" src=\"https:\/\/www.edseyapi.com.tr\/wp-content\/uploads\/2024\/02\/man-giving-graph-presentation-using-high-technology-digital-pen-1024x1024.jpg\" class=\"attachment-large size-large wp-image-499\" alt=\"\" srcset=\"https:\/\/www.edseyapi.com.tr\/wp-content\/uploads\/2024\/02\/man-giving-graph-presentation-using-high-technology-digital-pen-1024x1024.jpg 1024w, https:\/\/www.edseyapi.com.tr\/wp-content\/uploads\/2024\/02\/man-giving-graph-presentation-using-high-technology-digital-pen-300x300.jpg 300w, https:\/\/www.edseyapi.com.tr\/wp-content\/uploads\/2024\/02\/man-giving-graph-presentation-using-high-technology-digital-pen-150x150.jpg 150w, https:\/\/www.edseyapi.com.tr\/wp-content\/uploads\/2024\/02\/man-giving-graph-presentation-using-high-technology-digital-pen-768x768.jpg 768w, https:\/\/www.edseyapi.com.tr\/wp-content\/uploads\/2024\/02\/man-giving-graph-presentation-using-high-technology-digital-pen-1536x1536.jpg 1536w, https:\/\/www.edseyapi.com.tr\/wp-content\/uploads\/2024\/02\/man-giving-graph-presentation-using-high-technology-digital-pen-2048x2048.jpg 2048w, https:\/\/www.edseyapi.com.tr\/wp-content\/uploads\/2024\/02\/man-giving-graph-presentation-using-high-technology-digital-pen-1000x1000.jpg 1000w, https:\/\/www.edseyapi.com.tr\/wp-content\/uploads\/2024\/02\/man-giving-graph-presentation-using-high-technology-digital-pen-230x230.jpg 230w, https:\/\/www.edseyapi.com.tr\/wp-content\/uploads\/2024\/02\/man-giving-graph-presentation-using-high-technology-digital-pen-350x350.jpg 350w, https:\/\/www.edseyapi.com.tr\/wp-content\/uploads\/2024\/02\/man-giving-graph-presentation-using-high-technology-digital-pen-480x480.jpg 480w\" sizes=\"(max-width: 1024px) 100vw, 1024px\" \/>\t\t\t\t\t\t\t\t\t\t\t\t\t\t\t<\/div>\n\t\t\t\t<\/div>\n\t\t\t\t\t<\/div>\n\t\t<\/div>\n\t\t\t\t<div class=\"elementor-column elementor-col-50 elementor-inner-column elementor-element elementor-element-1779ba9\" data-id=\"1779ba9\" data-element_type=\"column\" data-e-type=\"column\">\n\t\t\t<div class=\"elementor-widget-wrap elementor-element-populated\">\n\t\t\t\t\t\t<div class=\"elementor-element elementor-element-9b30a2c elementor-position-inline-start elementor-view-default elementor-mobile-position-block-start elementor-widget elementor-widget-icon-box\" data-id=\"9b30a2c\" data-element_type=\"widget\" data-e-type=\"widget\" data-widget_type=\"icon-box.default\">\n\t\t\t\t<div class=\"elementor-widget-container\">\n\t\t\t\t\t\t\t<div class=\"elementor-icon-box-wrapper\">\n\n\t\t\t\t\t\t<div class=\"elementor-icon-box-icon\">\n\t\t\t\t<span  class=\"elementor-icon\">\n\t\t\t\t<svg aria-hidden=\"true\" class=\"e-font-icon-svg e-fas-chart-bar\" viewBox=\"0 0 512 512\" xmlns=\"http:\/\/www.w3.org\/2000\/svg\"><path d=\"M332.8 320h38.4c6.4 0 12.8-6.4 12.8-12.8V172.8c0-6.4-6.4-12.8-12.8-12.8h-38.4c-6.4 0-12.8 6.4-12.8 12.8v134.4c0 6.4 6.4 12.8 12.8 12.8zm96 0h38.4c6.4 0 12.8-6.4 12.8-12.8V76.8c0-6.4-6.4-12.8-12.8-12.8h-38.4c-6.4 0-12.8 6.4-12.8 12.8v230.4c0 6.4 6.4 12.8 12.8 12.8zm-288 0h38.4c6.4 0 12.8-6.4 12.8-12.8v-70.4c0-6.4-6.4-12.8-12.8-12.8h-38.4c-6.4 0-12.8 6.4-12.8 12.8v70.4c0 6.4 6.4 12.8 12.8 12.8zm96 0h38.4c6.4 0 12.8-6.4 12.8-12.8V108.8c0-6.4-6.4-12.8-12.8-12.8h-38.4c-6.4 0-12.8 6.4-12.8 12.8v198.4c0 6.4 6.4 12.8 12.8 12.8zM496 384H64V80c0-8.84-7.16-16-16-16H16C7.16 64 0 71.16 0 80v336c0 17.67 14.33 32 32 32h464c8.84 0 16-7.16 16-16v-32c0-8.84-7.16-16-16-16z\"><\/path><\/svg>\t\t\t\t<\/span>\n\t\t\t<\/div>\n\t\t\t\n\t\t\t\t\t\t<div class=\"elementor-icon-box-content\">\n\n\t\t\t\t\t\t\t\t\t<h3 class=\"elementor-icon-box-title\">\n\t\t\t\t\t\t<span  >\n\t\t\t\t\t\t\tV\u0130ZYONUMUZ\t\t\t\t\t\t<\/span>\n\t\t\t\t\t<\/h3>\n\t\t\t\t\n\t\t\t\t\n\t\t\t<\/div>\n\t\t\t\n\t\t<\/div>\n\t\t\t\t\t\t<\/div>\n\t\t\t\t<\/div>\n\t\t\t\t<div class=\"elementor-element elementor-element-22961d5 elementor-widget elementor-widget-text-editor\" data-id=\"22961d5\" data-element_type=\"widget\" data-e-type=\"widget\" data-widget_type=\"text-editor.default\">\n\t\t\t\t<div class=\"elementor-widget-container\">\n\t\t\t\t\t\t\t\t\t<div class=\"page\" title=\"Page 2\"><div class=\"section\"><div class=\"layoutArea\"><div class=\"column\"><p>U\u0308lkemizin mu\u0308hendislik, ins\u0327aat ve proje yo\u0308netiminde ulusal ve uluslararas\u0131 pazarda so\u0308z sahibi, bilgi u\u0308reten, bilgi paylas\u0327an, rekabet edebilen bir insaat firmas\u0131 olarak, bu\u0308yu\u0308k ve kapsaml\u0131 projelere imza atmak.<\/p><\/div><\/div><\/div><\/div>\t\t\t\t\t\t\t\t<\/div>\n\t\t\t\t<\/div>\n\t\t\t\t\t<\/div>\n\t\t<\/div>\n\t\t\t\t\t<\/div>\n\t\t<\/section>\n\t\t\t\t\t<\/div>\n\t\t<\/div>\n\t\t\t\t\t<\/div>\n\t\t<\/section>\n\t\t\t\t<\/div>\n\t\t","protected":false},"excerpt":{"rendered":"<p>Biz Kimiz ? Edse yap\u0131 endu\u0308stri alan\u0131nda 2000 y\u0131l\u0131nda faaliyete bas\u0327lay\u0131p, bugu\u0308ne kadar kendini su\u0308rekli yenileyen ve gelis\u0327tiren bir firma profili kazanarak [&hellip;]<\/p>\n","protected":false},"author":1,"featured_media":0,"parent":0,"menu_order":0,"comment_status":"closed","ping_status":"closed","template":"page-templates\/page_front-page.php","meta":{"footnotes":""},"class_list":["post-479","page","type-page","status-publish","hentry"],"_links":{"self":[{"href":"https:\/\/www.edseyapi.com.tr\/index.php?rest_route=\/wp\/v2\/pages\/479","targetHints":{"allow":["GET"]}}],"collection":[{"href":"https:\/\/www.edseyapi.com.tr\/index.php?rest_route=\/wp\/v2\/pages"}],"about":[{"href":"https:\/\/www.edseyapi.com.tr\/index.php?rest_route=\/wp\/v2\/types\/page"}],"author":[{"embeddable":true,"href":"https:\/\/www.edseyapi.com.tr\/index.php?rest_route=\/wp\/v2\/users\/1"}],"replies":[{"embeddable":true,"href":"https:\/\/www.edseyapi.com.tr\/index.php?rest_route=%2Fwp%2Fv2%2Fcomments&post=479"}],"version-history":[{"count":23,"href":"https:\/\/www.edseyapi.com.tr\/index.php?rest_route=\/wp\/v2\/pages\/479\/revisions"}],"predecessor-version":[{"id":1167,"href":"https:\/\/www.edseyapi.com.tr\/index.php?rest_route=\/wp\/v2\/pages\/479\/revisions\/1167"}],"wp:attachment":[{"href":"https:\/\/www.edseyapi.com.tr\/index.php?rest_route=%2Fwp%2Fv2%2Fmedia&parent=479"}],"curies":[{"name":"wp","href":"https:\/\/api.w.org\/{rel}","templated":true}]}}